{"id":486,"date":"2026-04-10T12:18:24","date_gmt":"2026-04-10T12:18:24","guid":{"rendered":"https:\/\/jonaslecomte.escmstrasbourg.com\/?page_id=486"},"modified":"2026-04-10T13:33:35","modified_gmt":"2026-04-10T13:33:35","slug":"communautes","status":"publish","type":"page","link":"https:\/\/jonaslecomte.escmstrasbourg.com\/index.php\/communautes\/","title":{"rendered":"Communaut\u00e9s"},"content":{"rendered":"\n<div class=\"wp-block-cover alignfull is-light\" style=\"min-height:714px;aspect-ratio:unset;\"><img loading=\"lazy\" decoding=\"async\" width=\"640\" height=\"360\" class=\"wp-block-cover__image-background wp-image-491 size-full\" alt=\"\" src=\"https:\/\/jonaslecomte.escmstrasbourg.com\/wp-content\/uploads\/2026\/04\/IMG_0347.gif\" data-object-fit=\"cover\"\/><span aria-hidden=\"true\" class=\"wp-block-cover__background has-background-dim-0 has-background-dim\"><\/span><div class=\"wp-block-cover__inner-container is-layout-constrained wp-block-cover-is-layout-constrained\">\n<p class=\"has-text-align-center has-large-font-size\"><\/p>\n<\/div><\/div>\n\n\n\n<p><\/p>\n\n\n\n<p class=\"has-ast-global-color-8-color has-luminous-vivid-amber-to-luminous-vivid-orange-gradient-background has-text-color has-background has-link-color wp-elements-cb27fc8c572f1a9529ac4e7935fe12e8\" style=\"border-top-left-radius:10px;border-top-right-radius:10px;border-bottom-left-radius:10px;border-bottom-right-radius:10px;margin-top:var(--wp--preset--spacing--30);margin-right:var(--wp--preset--spacing--30);margin-bottom:var(--wp--preset--spacing--30);margin-left:var(--wp--preset--spacing--30);padding-top:0;padding-right:0;padding-bottom:0;padding-left:0;font-size:15px\">La communaut\u00e9 de Brawl Stars en 2026 reste tr\u00e8s active et mondiale. Des millions de joueurs continuent d\u2019y jouer chaque jour, avec des profils tr\u00e8s diff\u00e9rents : joueurs casual qui jouent pour le fun, comp\u00e9titifs qui cherchent \u00e0 monter en rang, et joueurs tr\u00e8s investis qui suivent la m\u00e9ta et les strat\u00e9gies. Cette diversit\u00e9 rend la communaut\u00e9 dynamique, mais provoque aussi parfois des d\u00e9bats sur les mises \u00e0 jour et l\u2019\u00e9quilibrage du jeu.<\/p>\n\n\n\n<p class=\"has-ast-global-color-8-color has-luminous-vivid-amber-to-luminous-vivid-orange-gradient-background has-text-color has-background has-link-color wp-elements-363e827886087d63d94a18700846d399\" style=\"border-top-left-radius:6px;border-top-right-radius:6px;border-bottom-left-radius:6px;border-bottom-right-radius:6px;margin-top:var(--wp--preset--spacing--30);margin-right:var(--wp--preset--spacing--30);margin-bottom:var(--wp--preset--spacing--30);margin-left:var(--wp--preset--spacing--30);padding-top:0;padding-right:0;padding-bottom:0;padding-left:0;font-size:15px\">La sc\u00e8ne e-sport, notamment avec le Brawl Stars Championship, reste importante avec des tournois internationaux et des \u00e9quipes professionnelles. En parall\u00e8le, la communaut\u00e9 est tr\u00e8s pr\u00e9sente sur des plateformes comme Youtube, TikTok et Discord, o\u00f9 les joueurs partagent vid\u00e9os, astuces et discussions sur le jeu.<\/p>\n\n\n\n<div class=\"wp-block-cover alignfull is-light\" style=\"border-style:none;border-width:0px;margin-top:var(--wp--preset--spacing--70);margin-bottom:var(--wp--preset--spacing--70);min-height:180px;aspect-ratio:unset;\"><img loading=\"lazy\" decoding=\"async\" width=\"1010\" height=\"505\" class=\"wp-block-cover__image-background wp-image-501 size-full\" alt=\"\" src=\"https:\/\/jonaslecomte.escmstrasbourg.com\/wp-content\/uploads\/2026\/04\/IMG_0348.jpeg\" data-object-fit=\"cover\" srcset=\"https:\/\/jonaslecomte.escmstrasbourg.com\/wp-content\/uploads\/2026\/04\/IMG_0348.jpeg 1010w, https:\/\/jonaslecomte.escmstrasbourg.com\/wp-content\/uploads\/2026\/04\/IMG_0348-300x150.jpeg 300w, https:\/\/jonaslecomte.escmstrasbourg.com\/wp-content\/uploads\/2026\/04\/IMG_0348-768x384.jpeg 768w\" sizes=\"auto, (max-width: 1010px) 100vw, 1010px\" \/><span aria-hidden=\"true\" class=\"wp-block-cover__background has-background-dim-0 has-background-dim\"><\/span><div class=\"wp-block-cover__inner-container is-layout-constrained wp-container-core-cover-is-layout-4f2dbf41 wp-block-cover-is-layout-constrained\">\n<p class=\"has-text-align-center has-large-font-size\"><\/p>\n<\/div><\/div>\n\n\n\n<p class=\"has-ast-global-color-8-color has-text-color has-link-color wp-elements-bb10339f9e889587e4e9f7b69ec64039\" style=\"font-size:25px;font-style:normal;font-weight:1000;text-decoration:underline\">Les diff\u00e9rents serveurs communautaires <\/p>\n\n\n\n<p class=\"has-ast-global-color-8-color has-luminous-vivid-amber-to-luminous-vivid-orange-gradient-background has-text-color has-background has-link-color wp-elements-98c76dc674eb70864818177da77d2302\" style=\"border-top-left-radius:26px;border-top-right-radius:26px;border-bottom-left-radius:26px;border-bottom-right-radius:26px;margin-top:var(--wp--preset--spacing--30);margin-right:var(--wp--preset--spacing--30);margin-bottom:var(--wp--preset--spacing--30);margin-left:var(--wp--preset--spacing--30);padding-top:var(--wp--preset--spacing--20);padding-right:var(--wp--preset--spacing--20);padding-bottom:var(--wp--preset--spacing--20);padding-left:var(--wp--preset--spacing--20)\">Dans la communaut\u00e9 de Brawl Stars, les serveurs sont surtout pr\u00e9sents sur Discord. Il existe un serveur officiel g\u00e9r\u00e9 par Supercell o\u00f9 les joueurs suivent les annonces et mises \u00e0 jour, ainsi que des serveurs r\u00e9gionaux pour trouver des co\u00e9quipiers et discuter. \u00c0 c\u00f4t\u00e9 de \u00e7a, il y a beaucoup de serveurs communautaires cr\u00e9\u00e9s par des clubs ou des \u00e9quipes e-sport pour recruter, partager des strat\u00e9gies et \u00e9changer autour du jeu.<\/p>\n\n\n\n<div class=\"wp-block-columns is-layout-flex wp-container-core-columns-is-layout-28f84493 wp-block-columns-is-layout-flex\">\n<div class=\"wp-block-column is-layout-flow wp-block-column-is-layout-flow\">\n<figure class=\"wp-block-image aligncenter size-full is-resized\"><a href=\"https:\/\/discord.com\/invite\/brawlstarsfr\"><img loading=\"lazy\" decoding=\"async\" width=\"328\" height=\"375\" src=\"https:\/\/jonaslecomte.escmstrasbourg.com\/wp-content\/uploads\/2026\/04\/IMG_0349.png\" alt=\"\" class=\"wp-image-511\" style=\"width:322px;height:auto\" srcset=\"https:\/\/jonaslecomte.escmstrasbourg.com\/wp-content\/uploads\/2026\/04\/IMG_0349.png 328w, https:\/\/jonaslecomte.escmstrasbourg.com\/wp-content\/uploads\/2026\/04\/IMG_0349-262x300.png 262w\" sizes=\"auto, (max-width: 328px) 100vw, 328px\" \/><\/a><\/figure>\n<\/div>\n\n\n\n<div class=\"wp-block-column is-layout-flow wp-block-column-is-layout-flow\">\n<p class=\"has-text-align-center has-ast-global-color-8-color has-text-color has-link-color wp-elements-7d848a1bd0734512fac5a6997a888365\" style=\"margin-top:var(--wp--preset--spacing--80);margin-bottom:var(--wp--preset--spacing--80);padding-top:var(--wp--preset--spacing--70);padding-bottom:var(--wp--preset--spacing--70);font-size:30px\"><a href=\"https:\/\/discord.com\/invite\/brawlstarsfr\">Serveur Brawl Stars FR<\/a><\/p>\n<\/div>\n<\/div>\n\n\n\n<div class=\"wp-block-columns is-layout-flex wp-container-core-columns-is-layout-28f84493 wp-block-columns-is-layout-flex\">\n<div class=\"wp-block-column is-layout-flow wp-block-column-is-layout-flow\">\n<figure class=\"wp-block-image aligncenter size-full is-resized\"><a href=\"https:\/\/discord.com\/invite\/Se4q6nGhjf\"><img loading=\"lazy\" decoding=\"async\" width=\"128\" height=\"128\" src=\"https:\/\/jonaslecomte.escmstrasbourg.com\/wp-content\/uploads\/2026\/04\/IMG_0350.png\" alt=\"\" class=\"wp-image-515\" style=\"width:318px;height:auto\"\/><\/a><\/figure>\n<\/div>\n\n\n\n<div class=\"wp-block-column is-layout-flow wp-block-column-is-layout-flow\">\n<p class=\"has-ast-global-color-0-color has-text-color has-link-color wp-elements-a8d489ebdfa650961a00d634c0d9f024\" style=\"margin-top:var(--wp--preset--spacing--80);margin-bottom:var(--wp--preset--spacing--80);padding-top:var(--wp--preset--spacing--60);padding-bottom:var(--wp--preset--spacing--60);font-size:30px\"><a href=\"https:\/\/discord.com\/invite\/Se4q6nGhjf\" type=\"link\" id=\"https:\/\/discord.com\/invite\/Se4q6nGhjf\">Serveur Brawl Unite<\/a><\/p>\n<\/div>\n<\/div>\n\n\n\n<div class=\"wp-block-columns is-layout-flex wp-container-core-columns-is-layout-28f84493 wp-block-columns-is-layout-flex\">\n<div class=\"wp-block-column is-layout-flow wp-block-column-is-layout-flow\">\n<figure class=\"wp-block-image aligncenter size-full is-resized\"><a href=\"https:\/\/discord.com\/invite\/GevQ4jCy6G?utm_source=disboard&amp;utm_medium=external_directory&amp;utm_campaign=organic_discovery\"><img loading=\"lazy\" decoding=\"async\" width=\"128\" height=\"128\" src=\"https:\/\/jonaslecomte.escmstrasbourg.com\/wp-content\/uploads\/2026\/04\/IMG_0351.jpeg\" alt=\"\" class=\"wp-image-518\" style=\"width:314px;height:auto\"\/><\/a><\/figure>\n<\/div>\n\n\n\n<div class=\"wp-block-column is-layout-flow wp-block-column-is-layout-flow\">\n<p class=\"has-ast-global-color-8-color has-text-color has-link-color wp-elements-485237e175bd4f59058c7e4e753ebc47\" style=\"margin-top:var(--wp--preset--spacing--60);margin-bottom:var(--wp--preset--spacing--60);padding-top:var(--wp--preset--spacing--80);padding-bottom:var(--wp--preset--spacing--80);font-size:30px;text-decoration:underline\"><a href=\"https:\/\/discord.com\/invite\/GevQ4jCy6G?utm_source=disboard&amp;utm_medium=external_directory&amp;utm_campaign=organic_discovery\" type=\"link\" id=\"https:\/\/discord.com\/invite\/GevQ4jCy6G?utm_source=disboard&amp;utm_medium=external_directory&amp;utm_campaign=organic_discovery\">Brawl Stars.PNG<\/a><\/p>\n<\/div>\n<\/div>\n","protected":false},"excerpt":{"rendered":"<p>La communaut\u00e9 de Brawl Stars en 2026 reste tr\u00e8s active et mondiale. Des millions de joueurs continuent d\u2019y jouer chaque [&hellip;]<\/p>\n","protected":false},"author":1,"featured_media":0,"parent":0,"menu_order":0,"comment_status":"closed","ping_status":"closed","template":"","meta":{"_uag_custom_page_level_css":"","site-sidebar-layout":"default","site-content-layout":"","ast-site-content-layout":"default","site-content-style":"default","site-sidebar-style":"default","ast-global-header-display":"","ast-banner-title-visibility":"","ast-main-header-display":"","ast-hfb-above-header-display":"","ast-hfb-below-header-display":"","ast-hfb-mobile-header-display":"","site-post-title":"disabled","ast-breadcrumbs-content":"","ast-featured-img":"","footer-sml-layout":"","ast-disable-related-posts":"","theme-transparent-header-meta":"","adv-header-id-meta":"","stick-header-meta":"","header-above-stick-meta":"","header-main-stick-meta":"","header-below-stick-meta":"","astra-migrate-meta-layouts":"default","ast-page-background-enabled":"default","ast-page-background-meta":{"desktop":{"background-color":"var(--ast-global-color-5)","background-image":"","background-repeat":"repeat","background-position":"center center","background-size":"auto","background-attachment":"scroll","background-type":"","background-media":"","overlay-type":"","overlay-color":"","overlay-opacity":"","overlay-gradient":""},"tablet":{"background-color":"","background-image":"","background-repeat":"repeat","background-position":"center center","background-size":"auto","background-attachment":"scroll","background-type":"","background-media":"","overlay-type":"","overlay-color":"","overlay-opacity":"","overlay-gradient":""},"mobile":{"background-color":"","background-image":"","background-repeat":"repeat","background-position":"center center","background-size":"auto","background-attachment":"scroll","background-type":"","background-media":"","overlay-type":"","overlay-color":"","overlay-opacity":"","overlay-gradient":""}},"ast-content-background-meta":{"desktop":{"background-color":"var(--ast-global-color-4)","background-image":"","background-repeat":"repeat","background-position":"center center","background-size":"auto","background-attachment":"scroll","background-type":"","background-media":"","overlay-type":"","overlay-color":"","overlay-opacity":"","overlay-gradient":""},"tablet":{"background-color":"var(--ast-global-color-4)","background-image":"","background-repeat":"repeat","background-position":"center center","background-size":"auto","background-attachment":"scroll","background-type":"","background-media":"","overlay-type":"","overlay-color":"","overlay-opacity":"","overlay-gradient":""},"mobile":{"background-color":"var(--ast-global-color-4)","background-image":"","background-repeat":"repeat","background-position":"center center","background-size":"auto","background-attachment":"scroll","background-type":"","background-media":"","overlay-type":"","overlay-color":"","overlay-opacity":"","overlay-gradient":""}},"footnotes":""},"class_list":["post-486","page","type-page","status-publish","hentry"],"yoast_head":"<!-- This site is optimized with the Yoast SEO plugin v27.3 - https:\/\/yoast.com\/product\/yoast-seo-wordpress\/ -->\n<title>Communaut\u00e9s - Nightlife<\/title>\n<meta name=\"robots\" content=\"index, follow, max-snippet:-1, max-image-preview:large, max-video-preview:-1\" \/>\n<link rel=\"canonical\" href=\"https:\/\/jonaslecomte.escmstrasbourg.com\/index.php\/communautes\/\" \/>\n<meta property=\"og:locale\" content=\"fr_FR\" \/>\n<meta property=\"og:type\" content=\"article\" \/>\n<meta property=\"og:title\" content=\"Communaut\u00e9s - Nightlife\" \/>\n<meta property=\"og:description\" content=\"La communaut\u00e9 de Brawl Stars en 2026 reste tr\u00e8s active et mondiale. Des millions de joueurs continuent d\u2019y jouer chaque [&hellip;]\" \/>\n<meta property=\"og:url\" content=\"https:\/\/jonaslecomte.escmstrasbourg.com\/index.php\/communautes\/\" \/>\n<meta property=\"og:site_name\" content=\"Nightlife\" \/>\n<meta property=\"article:modified_time\" content=\"2026-04-10T13:33:35+00:00\" \/>\n<meta property=\"og:image\" content=\"https:\/\/jonaslecomte.escmstrasbourg.com\/wp-content\/uploads\/2026\/04\/IMG_0347.gif\" \/>\n\t<meta property=\"og:image:width\" content=\"640\" \/>\n\t<meta property=\"og:image:height\" content=\"360\" \/>\n\t<meta property=\"og:image:type\" content=\"image\/gif\" \/>\n<meta name=\"twitter:card\" content=\"summary_large_image\" \/>\n<meta name=\"twitter:label1\" content=\"Dur\u00e9e de lecture estim\u00e9e\" \/>\n\t<meta name=\"twitter:data1\" content=\"3 minutes\" \/>\n<script type=\"application\/ld+json\" class=\"yoast-schema-graph\">{\"@context\":\"https:\\\/\\\/schema.org\",\"@graph\":[{\"@type\":\"WebPage\",\"@id\":\"https:\\\/\\\/jonaslecomte.escmstrasbourg.com\\\/index.php\\\/communautes\\\/\",\"url\":\"https:\\\/\\\/jonaslecomte.escmstrasbourg.com\\\/index.php\\\/communautes\\\/\",\"name\":\"Communaut\u00e9s - Nightlife\",\"isPartOf\":{\"@id\":\"https:\\\/\\\/jonaslecomte.escmstrasbourg.com\\\/#website\"},\"primaryImageOfPage\":{\"@id\":\"https:\\\/\\\/jonaslecomte.escmstrasbourg.com\\\/index.php\\\/communautes\\\/#primaryimage\"},\"image\":{\"@id\":\"https:\\\/\\\/jonaslecomte.escmstrasbourg.com\\\/index.php\\\/communautes\\\/#primaryimage\"},\"thumbnailUrl\":\"https:\\\/\\\/jonaslecomte.escmstrasbourg.com\\\/wp-content\\\/uploads\\\/2026\\\/04\\\/IMG_0347.gif\",\"datePublished\":\"2026-04-10T12:18:24+00:00\",\"dateModified\":\"2026-04-10T13:33:35+00:00\",\"breadcrumb\":{\"@id\":\"https:\\\/\\\/jonaslecomte.escmstrasbourg.com\\\/index.php\\\/communautes\\\/#breadcrumb\"},\"inLanguage\":\"fr-FR\",\"potentialAction\":[{\"@type\":\"ReadAction\",\"target\":[\"https:\\\/\\\/jonaslecomte.escmstrasbourg.com\\\/index.php\\\/communautes\\\/\"]}]},{\"@type\":\"ImageObject\",\"inLanguage\":\"fr-FR\",\"@id\":\"https:\\\/\\\/jonaslecomte.escmstrasbourg.com\\\/index.php\\\/communautes\\\/#primaryimage\",\"url\":\"https:\\\/\\\/jonaslecomte.escmstrasbourg.com\\\/wp-content\\\/uploads\\\/2026\\\/04\\\/IMG_0347.gif\",\"contentUrl\":\"https:\\\/\\\/jonaslecomte.escmstrasbourg.com\\\/wp-content\\\/uploads\\\/2026\\\/04\\\/IMG_0347.gif\",\"width\":640,\"height\":360},{\"@type\":\"BreadcrumbList\",\"@id\":\"https:\\\/\\\/jonaslecomte.escmstrasbourg.com\\\/index.php\\\/communautes\\\/#breadcrumb\",\"itemListElement\":[{\"@type\":\"ListItem\",\"position\":1,\"name\":\"Accueil\",\"item\":\"https:\\\/\\\/jonaslecomte.escmstrasbourg.com\\\/\"},{\"@type\":\"ListItem\",\"position\":2,\"name\":\"Communaut\u00e9s\"}]},{\"@type\":\"WebSite\",\"@id\":\"https:\\\/\\\/jonaslecomte.escmstrasbourg.com\\\/#website\",\"url\":\"https:\\\/\\\/jonaslecomte.escmstrasbourg.com\\\/\",\"name\":\"Nightlife\",\"description\":\"\",\"publisher\":{\"@id\":\"https:\\\/\\\/jonaslecomte.escmstrasbourg.com\\\/#organization\"},\"potentialAction\":[{\"@type\":\"SearchAction\",\"target\":{\"@type\":\"EntryPoint\",\"urlTemplate\":\"https:\\\/\\\/jonaslecomte.escmstrasbourg.com\\\/?s={search_term_string}\"},\"query-input\":{\"@type\":\"PropertyValueSpecification\",\"valueRequired\":true,\"valueName\":\"search_term_string\"}}],\"inLanguage\":\"fr-FR\"},{\"@type\":\"Organization\",\"@id\":\"https:\\\/\\\/jonaslecomte.escmstrasbourg.com\\\/#organization\",\"name\":\"Nightlife\",\"url\":\"https:\\\/\\\/jonaslecomte.escmstrasbourg.com\\\/\",\"logo\":{\"@type\":\"ImageObject\",\"inLanguage\":\"fr-FR\",\"@id\":\"https:\\\/\\\/jonaslecomte.escmstrasbourg.com\\\/#\\\/schema\\\/logo\\\/image\\\/\",\"url\":\"https:\\\/\\\/jonaslecomte.escmstrasbourg.com\\\/wp-content\\\/uploads\\\/2026\\\/04\\\/cropped-31573DC3-3FF6-4373-B61E-2743F69E5A1D-1.png\",\"contentUrl\":\"https:\\\/\\\/jonaslecomte.escmstrasbourg.com\\\/wp-content\\\/uploads\\\/2026\\\/04\\\/cropped-31573DC3-3FF6-4373-B61E-2743F69E5A1D-1.png\",\"width\":1536,\"height\":1024,\"caption\":\"Nightlife\"},\"image\":{\"@id\":\"https:\\\/\\\/jonaslecomte.escmstrasbourg.com\\\/#\\\/schema\\\/logo\\\/image\\\/\"}}]}<\/script>\n<!-- \/ Yoast SEO plugin. -->","yoast_head_json":{"title":"Communaut\u00e9s - Nightlife","robots":{"index":"index","follow":"follow","max-snippet":"max-snippet:-1","max-image-preview":"max-image-preview:large","max-video-preview":"max-video-preview:-1"},"canonical":"https:\/\/jonaslecomte.escmstrasbourg.com\/index.php\/communautes\/","og_locale":"fr_FR","og_type":"article","og_title":"Communaut\u00e9s - Nightlife","og_description":"La communaut\u00e9 de Brawl Stars en 2026 reste tr\u00e8s active et mondiale. Des millions de joueurs continuent d\u2019y jouer chaque [&hellip;]","og_url":"https:\/\/jonaslecomte.escmstrasbourg.com\/index.php\/communautes\/","og_site_name":"Nightlife","article_modified_time":"2026-04-10T13:33:35+00:00","og_image":[{"url":"https:\/\/jonaslecomte.escmstrasbourg.com\/wp-content\/uploads\/2026\/04\/IMG_0347.gif","width":640,"height":360,"type":"image\/gif"}],"twitter_card":"summary_large_image","twitter_misc":{"Dur\u00e9e de lecture estim\u00e9e":"3 minutes"},"schema":{"@context":"https:\/\/schema.org","@graph":[{"@type":"WebPage","@id":"https:\/\/jonaslecomte.escmstrasbourg.com\/index.php\/communautes\/","url":"https:\/\/jonaslecomte.escmstrasbourg.com\/index.php\/communautes\/","name":"Communaut\u00e9s - Nightlife","isPartOf":{"@id":"https:\/\/jonaslecomte.escmstrasbourg.com\/#website"},"primaryImageOfPage":{"@id":"https:\/\/jonaslecomte.escmstrasbourg.com\/index.php\/communautes\/#primaryimage"},"image":{"@id":"https:\/\/jonaslecomte.escmstrasbourg.com\/index.php\/communautes\/#primaryimage"},"thumbnailUrl":"https:\/\/jonaslecomte.escmstrasbourg.com\/wp-content\/uploads\/2026\/04\/IMG_0347.gif","datePublished":"2026-04-10T12:18:24+00:00","dateModified":"2026-04-10T13:33:35+00:00","breadcrumb":{"@id":"https:\/\/jonaslecomte.escmstrasbourg.com\/index.php\/communautes\/#breadcrumb"},"inLanguage":"fr-FR","potentialAction":[{"@type":"ReadAction","target":["https:\/\/jonaslecomte.escmstrasbourg.com\/index.php\/communautes\/"]}]},{"@type":"ImageObject","inLanguage":"fr-FR","@id":"https:\/\/jonaslecomte.escmstrasbourg.com\/index.php\/communautes\/#primaryimage","url":"https:\/\/jonaslecomte.escmstrasbourg.com\/wp-content\/uploads\/2026\/04\/IMG_0347.gif","contentUrl":"https:\/\/jonaslecomte.escmstrasbourg.com\/wp-content\/uploads\/2026\/04\/IMG_0347.gif","width":640,"height":360},{"@type":"BreadcrumbList","@id":"https:\/\/jonaslecomte.escmstrasbourg.com\/index.php\/communautes\/#breadcrumb","itemListElement":[{"@type":"ListItem","position":1,"name":"Accueil","item":"https:\/\/jonaslecomte.escmstrasbourg.com\/"},{"@type":"ListItem","position":2,"name":"Communaut\u00e9s"}]},{"@type":"WebSite","@id":"https:\/\/jonaslecomte.escmstrasbourg.com\/#website","url":"https:\/\/jonaslecomte.escmstrasbourg.com\/","name":"Nightlife","description":"","publisher":{"@id":"https:\/\/jonaslecomte.escmstrasbourg.com\/#organization"},"potentialAction":[{"@type":"SearchAction","target":{"@type":"EntryPoint","urlTemplate":"https:\/\/jonaslecomte.escmstrasbourg.com\/?s={search_term_string}"},"query-input":{"@type":"PropertyValueSpecification","valueRequired":true,"valueName":"search_term_string"}}],"inLanguage":"fr-FR"},{"@type":"Organization","@id":"https:\/\/jonaslecomte.escmstrasbourg.com\/#organization","name":"Nightlife","url":"https:\/\/jonaslecomte.escmstrasbourg.com\/","logo":{"@type":"ImageObject","inLanguage":"fr-FR","@id":"https:\/\/jonaslecomte.escmstrasbourg.com\/#\/schema\/logo\/image\/","url":"https:\/\/jonaslecomte.escmstrasbourg.com\/wp-content\/uploads\/2026\/04\/cropped-31573DC3-3FF6-4373-B61E-2743F69E5A1D-1.png","contentUrl":"https:\/\/jonaslecomte.escmstrasbourg.com\/wp-content\/uploads\/2026\/04\/cropped-31573DC3-3FF6-4373-B61E-2743F69E5A1D-1.png","width":1536,"height":1024,"caption":"Nightlife"},"image":{"@id":"https:\/\/jonaslecomte.escmstrasbourg.com\/#\/schema\/logo\/image\/"}}]}},"uagb_featured_image_src":{"full":false,"thumbnail":false,"medium":false,"medium_large":false,"large":false,"1536x1536":false,"2048x2048":false},"uagb_author_info":{"display_name":"admin","author_link":"https:\/\/jonaslecomte.escmstrasbourg.com\/index.php\/author\/jonas\/"},"uagb_comment_info":0,"uagb_excerpt":"La communaut\u00e9 de Brawl Stars en 2026 reste tr\u00e8s active et mondiale. Des millions de joueurs continuent d\u2019y jouer chaque [&hellip;]","_links":{"self":[{"href":"https:\/\/jonaslecomte.escmstrasbourg.com\/index.php\/wp-json\/wp\/v2\/pages\/486","targetHints":{"allow":["GET"]}}],"collection":[{"href":"https:\/\/jonaslecomte.escmstrasbourg.com\/index.php\/wp-json\/wp\/v2\/pages"}],"about":[{"href":"https:\/\/jonaslecomte.escmstrasbourg.com\/index.php\/wp-json\/wp\/v2\/types\/page"}],"author":[{"embeddable":true,"href":"https:\/\/jonaslecomte.escmstrasbourg.com\/index.php\/wp-json\/wp\/v2\/users\/1"}],"replies":[{"embeddable":true,"href":"https:\/\/jonaslecomte.escmstrasbourg.com\/index.php\/wp-json\/wp\/v2\/comments?post=486"}],"version-history":[{"count":14,"href":"https:\/\/jonaslecomte.escmstrasbourg.com\/index.php\/wp-json\/wp\/v2\/pages\/486\/revisions"}],"predecessor-version":[{"id":519,"href":"https:\/\/jonaslecomte.escmstrasbourg.com\/index.php\/wp-json\/wp\/v2\/pages\/486\/revisions\/519"}],"wp:attachment":[{"href":"https:\/\/jonaslecomte.escmstrasbourg.com\/index.php\/wp-json\/wp\/v2\/media?parent=486"}],"curies":[{"name":"wp","href":"https:\/\/api.w.org\/{rel}","templated":true}]}}